{"id":245,"date":"2024-01-05T14:21:56","date_gmt":"2024-01-05T14:21:56","guid":{"rendered":"http:\/\/institut.bahaiqc.org.local\/fr\/?page_id=245"},"modified":"2025-08-18T16:52:23","modified_gmt":"2025-08-18T16:52:23","slug":"study-circles","status":"publish","type":"page","link":"https:\/\/institut.bahaiqc.org\/fr\/study-circles\/","title":{"rendered":"La s\u00e9quence de cours pour les jeunes et les adultes"},"content":{"rendered":"\n<div class=\"wp-block-columns is-layout-flex wp-container-core-columns-is-layout-333bf05b wp-block-columns-is-layout-flex\" style=\"padding-top:0;padding-right:0;padding-bottom:0;padding-left:0\">\n<div class=\"wp-block-column is-vertically-aligned-center is-layout-flow wp-block-column-is-layout-flow\">\n<h2 class=\"wp-block-heading\">Marcher sur un sentier de service<\/h2>\n\n\n\n<p>Nous voulons tous voir le monde devenir meilleur. Nous souhaitons un avenir o\u00f9 la paix universelle aura \u00e9t\u00e9 \u00e9tablie et o\u00f9 la famille humaine vivra en harmonie. Un tel avenir n\u2019est pas un r\u00eave&nbsp;: nous pouvons le construire en \u00e9tant de plus en plus nombreux \u00e0 faire des efforts pour contribuer \u00e0 l\u2019am\u00e9lioration du monde. Au plus profond de notre c\u0153ur, chacun de nous a le d\u00e9sir de servir nos communaut\u00e9s. Ce dont nous avons besoin, c\u2019est de d\u00e9velopper notre capacit\u00e9 \u00e0 entreprendre des actes de service d\u00e9sint\u00e9ress\u00e9s pour le bien commun.<\/p>\n\n\n\n<p>Nous pouvons penser \u00e0 notre service \u00e0 l\u2019humanit\u00e9 en imaginant un sentier de service sur lequel nous marchons ensemble. Ce sentier est ouvert \u00e0 tous. Nous faisons chacun le choix d\u2019y entrer, et nous y avan\u00e7ons \u00e0 notre rythme. Nous ne marchons pas seuls sur ce sentier ; nous servons aux c\u00f4t\u00e9s de nos amis, apprenons ensemble et nous accompagnons les uns les autres.<\/p>\n<\/div>\n\n\n\n<div class=\"wp-block-column is-vertically-aligned-center text-center is-layout-flow wp-block-column-is-layout-flow\" style=\"padding-top:var(--wp--preset--spacing--30);padding-right:0;padding-bottom:var(--wp--preset--spacing--30);padding-left:0\">\n<figure class=\"wp-block-image size-large has-custom-border is-resized is-style-default\"><img decoding=\"async\" src=\"https:\/\/institut.bahaiqc.org\/fr\/wp-content\/uploads\/sites\/2\/2024\/05\/WhatsApp-Image-2024-03-02-at-19.30.04-1.jpeg\" alt=\"\" style=\"border-style:none;border-width:0px;border-radius:15px;object-fit:cover\"\/><\/figure>\n<\/div>\n<\/div>\n\n\n\n<div class=\"wp-block-columns is-layout-flex wp-container-core-columns-is-layout-7fc3d43a wp-block-columns-is-layout-flex\">\n<div class=\"wp-block-column is-vertically-aligned-center is-layout-flow wp-block-column-is-layout-flow\">\n<figure class=\"wp-block-image size-large has-custom-border\"><img loading=\"lazy\" decoding=\"async\" width=\"1024\" height=\"682\" src=\"http:\/\/institut.bahaiqc.org\/fr\/wp-content\/uploads\/sites\/2\/2024\/01\/study-circle-2-3-1024x682.webp\" alt=\"\" class=\"wp-image-268\" style=\"border-radius:15px\" srcset=\"https:\/\/institut.bahaiqc.org\/fr\/wp-content\/uploads\/sites\/2\/2024\/01\/study-circle-2-3-1024x682.webp 1024w, https:\/\/institut.bahaiqc.org\/fr\/wp-content\/uploads\/sites\/2\/2024\/01\/study-circle-2-3-300x200.webp 300w, https:\/\/institut.bahaiqc.org\/fr\/wp-content\/uploads\/sites\/2\/2024\/01\/study-circle-2-3-768x512.webp 768w, https:\/\/institut.bahaiqc.org\/fr\/wp-content\/uploads\/sites\/2\/2024\/01\/study-circle-2-3.webp 1448w\" sizes=\"auto, (max-width: 1024px) 100vw, 1024px\" \/><\/figure>\n<\/div>\n\n\n\n<div class=\"wp-block-column is-layout-flow wp-block-column-is-layout-flow\">\n<h2 class=\"wp-block-heading\">\u00c0 propos du programme<\/h2>\n\n\n\n<p>La s\u00e9quence de cours pour les jeunes et les adultes et plus renforce les capacit\u00e9s des participants \u00e0 servir leur communaut\u00e9. En g\u00e9n\u00e9ral, de petits groupes de participants, travaillant avec l\u2019aide d\u2019un tuteur, se rencontrent dans une atmosph\u00e8re de joie, de calme et de s\u00e9r\u00e9nit\u00e9 m\u00e9ditative, afin de se plonger dans l\u2019\u00e9tude du mat\u00e9riel du cours. \u00c0 travers leur \u00e9tude, ils acqui\u00e8rent les perceptions spirituelles et les comp\u00e9tences pratiques n\u00e9cessaires pour avancer ensemble sur le sentier du service.<\/p>\n\n\n\n<p>Au fur et \u00e0 mesure que les participants progressent d\u2019un cours au suivant, ils augmentent leur capacit\u00e9 \u00e0 accomplir des actes de service de plus en plus complexes. Tout au long, ils sont accompagn\u00e9s par leur tuteur, et avec le temps, ils en arrivent naturellement \u00e0 accompagner des amis moins exp\u00e9riment\u00e9s qu\u2019eux. D\u00e8s le d\u00e9part, tous sont les protagonistes d\u2019une transformation personnelle et sociale, et assument la responsabilit\u00e9 de leur propre apprentissage ainsi que du service \u00e0 la communaut\u00e9.<\/p>\n<\/div>\n<\/div>\n\n\n\n<div class=\"wp-block-columns are-vertically-aligned-center is-layout-flex wp-container-core-columns-is-layout-4e89e8ae wp-block-columns-is-layout-flex\" style=\"margin-top:var(--wp--preset--spacing--40)\">\n<div class=\"wp-block-column is-vertically-aligned-center is-layout-flow wp-block-column-is-layout-flow\">\n<h2 class=\"wp-block-heading\">Mat\u00e9riel \u00e9ducatif<\/h2>\n\n\n\n<p>La s\u00e9quence de cours a \u00e9t\u00e9 d\u00e9velopp\u00e9e par l\u2019<a href=\"https:\/\/www.ruhi.org\/fr\/\" target=\"_blank\" rel=\"noreferrer noopener\">Institut Ruhi<\/a> dans le but d\u2019accro\u00eetre la capacit\u00e9 des jeunes et des adultes de servir leur communaut\u00e9. Le contenu et l\u2019ordre des cours sont bas\u00e9s sur une s\u00e9rie d\u2019actes de service dont la pratique cr\u00e9e la capacit\u00e9 chez l\u2019individu de r\u00e9pondre aux exigences de communaut\u00e9s dynamiques et en d\u00e9veloppement. Ces actes de services sont con\u00e7us pour \u00e9tablir un mode d\u2019action dynamique qui m\u00e8nera au d\u00e9veloppement solide de communaut\u00e9s locales. Ce mode d\u2019action implique l\u2019\u00e9tablissement de r\u00e9unions de pri\u00e8res, d\u2019un programme de visites \u00e0 domicile, de <a href=\"http:\/\/institut.bahaiqc.org.local\/fr\/childrens-classes\/\" data-type=\"page\" data-id=\"24\">classes pour enfants<\/a>, de <a href=\"http:\/\/institut.bahaiqc.org.local\/fr\/junior-youth-groups\/\" data-type=\"page\" data-id=\"166\">groupes de pr\u00e9jeunes<\/a> et de cercles d\u2019\u00e9tude pour les jeunes et les adultes.<\/p>\n\n\n\n<p class=\"has-text-align-left\"><br>Pour en savoir plus&nbsp;: <a href=\"https:\/\/www.ruhi.org\/fr\/programs-and-materials\/\" target=\"_blank\" rel=\"noreferrer noopener\">https:\/\/www.ruhi.org\/fr\/programs-and-materials\/<\/a><\/p>\n<\/div>\n\n\n\n<div class=\"wp-block-column is-vertically-aligned-center text-center is-layout-flow wp-block-column-is-layout-flow\" style=\"padding-top:var(--wp--preset--spacing--30);padding-bottom:var(--wp--preset--spacing--30)\">\n<figure class=\"wp-block-image size-large has-custom-border is-resized\"><img loading=\"lazy\" decoding=\"async\" width=\"1024\" height=\"682\" src=\"http:\/\/institut.bahaiqc.org.local\/fr\/wp-content\/uploads\/sites\/2\/2024\/01\/study-circle-1024x682.webp\" alt=\"\" class=\"wp-image-272\" style=\"border-radius:15px;object-fit:cover\" srcset=\"https:\/\/institut.bahaiqc.org\/fr\/wp-content\/uploads\/sites\/2\/2024\/01\/study-circle-1024x682.webp 1024w, https:\/\/institut.bahaiqc.org\/fr\/wp-content\/uploads\/sites\/2\/2024\/01\/study-circle-300x200.webp 300w, https:\/\/institut.bahaiqc.org\/fr\/wp-content\/uploads\/sites\/2\/2024\/01\/study-circle-768x512.webp 768w, https:\/\/institut.bahaiqc.org\/fr\/wp-content\/uploads\/sites\/2\/2024\/01\/study-circle.webp 1448w\" sizes=\"auto, (max-width: 1024px) 100vw, 1024px\" \/><\/figure>\n<\/div>\n<\/div>\n\n\n\n<div class=\"wp-block-columns is-layout-flex wp-container-core-columns-is-layout-cbe57604 wp-block-columns-is-layout-flex\">\n<div class=\"wp-block-column is-layout-flow wp-block-column-is-layout-flow\" style=\"flex-basis:33.33%\">\n<figure class=\"wp-block-image size-full is-resized has-custom-border text-center\"><img loading=\"lazy\" decoding=\"async\" width=\"768\" height=\"1024\" src=\"http:\/\/institut.bahaiqc.org\/fr\/wp-content\/uploads\/sites\/2\/2024\/01\/WhatsApp-Image-2023-12-20-at-16.39.16-3-1.jpeg\" alt=\"\" class=\"wp-image-279\" style=\"border-radius:15px;aspect-ratio:1;object-fit:cover;width:auto;height:400px\" srcset=\"https:\/\/institut.bahaiqc.org\/fr\/wp-content\/uploads\/sites\/2\/2024\/01\/WhatsApp-Image-2023-12-20-at-16.39.16-3-1.jpeg 768w, https:\/\/institut.bahaiqc.org\/fr\/wp-content\/uploads\/sites\/2\/2024\/01\/WhatsApp-Image-2023-12-20-at-16.39.16-3-1-225x300.jpeg 225w\" sizes=\"auto, (max-width: 768px) 100vw, 768px\" \/><\/figure>\n<\/div>\n\n\n\n<div class=\"wp-block-column is-layout-flow wp-block-column-is-layout-flow\" style=\"padding-top:var(--wp--preset--spacing--30);padding-right:0;padding-bottom:var(--wp--preset--spacing--30);padding-left:0;flex-basis:66.66%\">\n<h2 class=\"wp-block-heading\">En pratique<\/h2>\n\n\n\n<p>Des cercles d\u2019\u00e9tude peuvent se tenir de fa\u00e7on r\u00e9guli\u00e8re dans divers lieux de rencontre, comme une r\u00e9sidence priv\u00e9e, un centre communautaire ou un parc. Certains groupes peuvent \u00e9galement choisir de passer plusieurs jours ensemble pour \u00e9tudier de mani\u00e8re intensive dans le cadre d\u2019un camp ou d\u2019un s\u00e9minaire. L\u2019\u00e9tude peut \u00eatre compl\u00e9ment\u00e9e par des activit\u00e9s artistiques, sportives ou r\u00e9cr\u00e9atives, et est toujours accompagn\u00e9e d\u2019une composante de service \u00e0 la communaut\u00e9.<\/p>\n<\/div>\n<\/div>\n\n\n\n<h2 class=\"wp-block-heading has-text-align-center\" style=\"margin-top:var(--wp--preset--spacing--40);margin-bottom:var(--wp--preset--spacing--30)\">Galerie<\/h2>\n\n\n\n<div class=\"wp-block-columns are-vertically-aligned-center no-gap is-layout-flex wp-container-core-columns-is-layout-28f84493 wp-block-columns-is-layout-flex\">\n<div class=\"wp-block-column is-vertically-aligned-center hidden-mobile is-layout-flow wp-block-column-is-layout-flow\">\n<figure class=\"wp-block-image size-large\"><img loading=\"lazy\" decoding=\"async\" width=\"653\" height=\"1024\" src=\"http:\/\/institut.bahaiqc.org\/fr\/wp-content\/uploads\/sites\/2\/2024\/01\/bg1-min-1-1-653x1024.png\" alt=\"\" class=\"wp-image-147\" srcset=\"https:\/\/institut.bahaiqc.org\/fr\/wp-content\/uploads\/sites\/2\/2024\/01\/bg1-min-1-1-653x1024.png 653w, https:\/\/institut.bahaiqc.org\/fr\/wp-content\/uploads\/sites\/2\/2024\/01\/bg1-min-1-1-191x300.png 191w, https:\/\/institut.bahaiqc.org\/fr\/wp-content\/uploads\/sites\/2\/2024\/01\/bg1-min-1-1-768x1205.png 768w, https:\/\/institut.bahaiqc.org\/fr\/wp-content\/uploads\/sites\/2\/2024\/01\/bg1-min-1-1-979x1536.png 979w, https:\/\/institut.bahaiqc.org\/fr\/wp-content\/uploads\/sites\/2\/2024\/01\/bg1-min-1-1.png 1000w\" sizes=\"auto, (max-width: 653px) 100vw, 653px\" \/><\/figure>\n<\/div>\n\n\n\n<div class=\"wp-block-column is-vertically-aligned-center is-layout-flow wp-block-column-is-layout-flow\" style=\"flex-basis:600px\"><div\n    \tclass=\"free align wp-block-csb-content-slider-block\"    id='csbContentSlider-1' \n    data-attributes='{&quot;slides&quot;:[{&quot;background&quot;:{&quot;color&quot;:&quot;rgba(0, 0, 0, 0)&quot;,&quot;type&quot;:&quot;image&quot;,&quot;gradient&quot;:&quot;linear-gradient(135deg, #4527a4, #8344c5)&quot;,&quot;image&quot;:{&quot;id&quot;:null,&quot;url&quot;:&quot;http:\\\/\\\/institut.bahaiqc.org\\\/fr\\\/wp-content\\\/uploads\\\/sites\\\/2\\\/2024\\\/01\\\/WhatsApp-Image-2023-12-20-at-16.39.16.jpeg&quot;,&quot;alt&quot;:&quot;&quot;,&quot;title&quot;:&quot;&quot;},&quot;position&quot;:&quot;center center&quot;,&quot;attachment&quot;:&quot;initial&quot;,&quot;repeat&quot;:&quot;no-repeat&quot;,&quot;size&quot;:&quot;cover&quot;,&quot;overlayColor&quot;:&quot;rgba(0, 0, 0, 0)&quot;,&quot;styles&quot;:&quot;background: url(http:\\\/\\\/institut.bahaiqc.local\\\/wp-content\\\/uploads\\\/2023\\\/01\\\/image-2.png); background-position: center center; background-size: cover; background-repeat: no-repeat; background-color: rgba(0, 0, 0, 0); background-blend-mode: overlay;&quot;},&quot;position&quot;:&quot;center center&quot;,&quot;positionHolder&quot;:&quot;center center&quot;,&quot;childPositions&quot;:[{&quot;top&quot;:11,&quot;left&quot;:5.8},{&quot;top&quot;:22,&quot;left&quot;:5.8},{&quot;top&quot;:33,&quot;left&quot;:5.8}],&quot;title&quot;:&quot;Slide Title 1&quot;,&quot;titleColor&quot;:&quot;#9DFF20&quot;,&quot;description&quot;:&quot;This content area describes slider 1 descriptions\\\/details.&quot;,&quot;descColor&quot;:&quot;#fff&quot;,&quot;btnText&quot;:&quot;Button 1&quot;,&quot;btnLink&quot;:&quot;#&quot;,&quot;btnColors&quot;:{&quot;color&quot;:&quot;#fff&quot;,&quot;bg&quot;:&quot;#4527a4&quot;,&quot;bgType&quot;:&quot;solid&quot;,&quot;gradient&quot;:&quot;linear-gradient(135deg, #4527a4, #8344c5)&quot;,&quot;styles&quot;:&quot;color: #fff; background: #4527a4;&quot;},&quot;btnHovColors&quot;:{&quot;color&quot;:&quot;#fff&quot;,&quot;bg&quot;:&quot;#8344c5&quot;,&quot;bgType&quot;:&quot;solid&quot;,&quot;gradient&quot;:&quot;linear-gradient(135deg, #4527a4, #8344c5)&quot;,&quot;styles&quot;:&quot;color: #fff; background: #8344c5;&quot;}},{&quot;background&quot;:{&quot;color&quot;:&quot;#00000080&quot;,&quot;type&quot;:&quot;image&quot;,&quot;image&quot;:{&quot;id&quot;:null,&quot;url&quot;:&quot;http:\\\/\\\/institut.bahaiqc.org\\\/fr\\\/wp-content\\\/uploads\\\/sites\\\/2\\\/2024\\\/01\\\/study-circle-3.webp&quot;,&quot;alt&quot;:&quot;&quot;,&quot;title&quot;:&quot;&quot;},&quot;overlayColor&quot;:&quot;rgba(0, 0, 0, 0)&quot;,&quot;position&quot;:&quot;center center&quot;,&quot;attachment&quot;:&quot;initial&quot;,&quot;repeat&quot;:&quot;no-repeat&quot;,&quot;size&quot;:&quot;cover&quot;},&quot;border&quot;:[],&quot;position&quot;:&quot;center center&quot;,&quot;positionHolder&quot;:&quot;center center&quot;,&quot;childPositions&quot;:[{&quot;top&quot;:11,&quot;left&quot;:5.8},{&quot;top&quot;:22,&quot;left&quot;:5.8},{&quot;top&quot;:33,&quot;left&quot;:5.8}],&quot;title&quot;:&quot;Slide Title 2&quot;,&quot;titleColor&quot;:&quot;#fff&quot;,&quot;description&quot;:&quot;This content area describes slider 2 descriptions\\\/details.&quot;,&quot;descColor&quot;:&quot;#fff&quot;,&quot;btnText&quot;:&quot;Button 2&quot;,&quot;btnLink&quot;:&quot;#&quot;,&quot;btnColors&quot;:{&quot;color&quot;:&quot;#fff&quot;,&quot;bg&quot;:&quot;#4527a4&quot;},&quot;btnHovColors&quot;:{&quot;color&quot;:&quot;#fff&quot;,&quot;bg&quot;:&quot;#8344c5&quot;}},{&quot;background&quot;:{&quot;color&quot;:&quot;#00000080&quot;,&quot;type&quot;:&quot;image&quot;,&quot;image&quot;:{&quot;id&quot;:null,&quot;url&quot;:&quot;http:\\\/\\\/institut.bahaiqc.org\\\/fr\\\/wp-content\\\/uploads\\\/sites\\\/2\\\/2024\\\/01\\\/study-circle-4.webp&quot;,&quot;alt&quot;:&quot;&quot;,&quot;title&quot;:&quot;&quot;},&quot;overlayColor&quot;:&quot;rgba(0, 0, 0, 0)&quot;,&quot;position&quot;:&quot;center center&quot;,&quot;repeat&quot;:&quot;no-repeat&quot;,&quot;size&quot;:&quot;cover&quot;,&quot;attachment&quot;:&quot;initial&quot;},&quot;border&quot;:[],&quot;position&quot;:&quot;center center&quot;,&quot;positionHolder&quot;:&quot;center center&quot;,&quot;childPositions&quot;:[{&quot;top&quot;:11,&quot;left&quot;:5.8},{&quot;top&quot;:22,&quot;left&quot;:5.8},{&quot;top&quot;:33,&quot;left&quot;:5.8}],&quot;title&quot;:&quot;Slide Title 3&quot;,&quot;titleColor&quot;:&quot;#fff&quot;,&quot;description&quot;:&quot;This content area describes slider 3 descriptions\\\/details.&quot;,&quot;descColor&quot;:&quot;#fff&quot;,&quot;btnText&quot;:&quot;Button 3&quot;,&quot;btnLink&quot;:&quot;#&quot;,&quot;btnColors&quot;:{&quot;color&quot;:&quot;#fff&quot;,&quot;bg&quot;:&quot;#4527a4&quot;},&quot;btnHovColors&quot;:{&quot;color&quot;:&quot;#fff&quot;,&quot;bg&quot;:&quot;#8344c5&quot;}},{&quot;background&quot;:{&quot;color&quot;:&quot;#00000080&quot;,&quot;type&quot;:&quot;image&quot;,&quot;image&quot;:{&quot;id&quot;:null,&quot;url&quot;:&quot;http:\\\/\\\/institut.bahaiqc.org\\\/fr\\\/wp-content\\\/uploads\\\/sites\\\/2\\\/2024\\\/01\\\/family-camp-adults.jpeg&quot;,&quot;alt&quot;:&quot;&quot;,&quot;title&quot;:&quot;&quot;},&quot;overlayColor&quot;:&quot;rgba(0, 0, 0, 0)&quot;,&quot;size&quot;:&quot;cover&quot;,&quot;position&quot;:&quot;center center&quot;,&quot;attachment&quot;:&quot;initial&quot;,&quot;repeat&quot;:&quot;no-repeat&quot;},&quot;border&quot;:[],&quot;position&quot;:&quot;center center&quot;,&quot;positionHolder&quot;:&quot;center center&quot;,&quot;childPositions&quot;:[{&quot;top&quot;:11,&quot;left&quot;:5.8},{&quot;top&quot;:22,&quot;left&quot;:5.8},{&quot;top&quot;:33,&quot;left&quot;:5.8}],&quot;title&quot;:&quot;Slide Title 4&quot;,&quot;titleColor&quot;:&quot;#fff&quot;,&quot;description&quot;:&quot;This content area describes slider 4 descriptions\\\/details.&quot;,&quot;descColor&quot;:&quot;#fff&quot;,&quot;btnText&quot;:&quot;Button 4&quot;,&quot;btnLink&quot;:&quot;#&quot;,&quot;btnColors&quot;:{&quot;color&quot;:&quot;#fff&quot;,&quot;bg&quot;:&quot;#4527a4&quot;},&quot;btnHovColors&quot;:{&quot;color&quot;:&quot;#fff&quot;,&quot;bg&quot;:&quot;#8344c5&quot;}}],&quot;sliderHeight&quot;:&quot;600px&quot;,&quot;isTouchMove&quot;:false,&quot;speed&quot;:4,&quot;isPageDynamic&quot;:false,&quot;pageBorder&quot;:{&quot;radius&quot;:&quot;50%&quot;,&quot;width&quot;:&quot;0px&quot;,&quot;style&quot;:&quot;solid&quot;,&quot;color&quot;:&quot;rgba(255, 183, 0, 0.57)&quot;,&quot;side&quot;:&quot;all&quot;,&quot;styles&quot;:&quot;border-radius: 50%;&quot;},&quot;isTitle&quot;:false,&quot;titleTypo&quot;:{&quot;fontSize&quot;:25,&quot;styles&quot;:&quot;font-size: 25px; line-height: 135%;&quot;,&quot;googleFontLink&quot;:&quot;&quot;},&quot;isDesc&quot;:false,&quot;descTypo&quot;:{&quot;fontSize&quot;:15,&quot;styles&quot;:&quot;font-size: 15px; line-height: 135%;&quot;,&quot;googleFontLink&quot;:&quot;&quot;},&quot;isBtn&quot;:false,&quot;btnTypo&quot;:{&quot;fontSize&quot;:16,&quot;styles&quot;:&quot;font-size: 16px; line-height: 135%;&quot;,&quot;googleFontLink&quot;:&quot;&quot;},&quot;btnPadding&quot;:{&quot;vertical&quot;:&quot;12px&quot;,&quot;horizontal&quot;:&quot;35px&quot;,&quot;side&quot;:2,&quot;top&quot;:&quot;0px&quot;,&quot;right&quot;:&quot;0px&quot;,&quot;bottom&quot;:&quot;0px&quot;,&quot;left&quot;:&quot;0px&quot;,&quot;styles&quot;:&quot;12px 35px&quot;},&quot;btnBorder&quot;:{&quot;radius&quot;:&quot;3px&quot;,&quot;width&quot;:&quot;0px&quot;,&quot;style&quot;:&quot;solid&quot;,&quot;color&quot;:&quot;#0000&quot;,&quot;side&quot;:&quot;all&quot;,&quot;styles&quot;:&quot;border-radius: 3px;&quot;},&quot;align&quot;:&quot;&quot;,&quot;columns&quot;:{&quot;desktop&quot;:1,&quot;tablet&quot;:1,&quot;mobile&quot;:1},&quot;columnGap&quot;:15,&quot;sliderWidth&quot;:&quot;100%&quot;,&quot;sliderAlign&quot;:&quot;center&quot;,&quot;isLoop&quot;:true,&quot;isAutoplay&quot;:true,&quot;autoplayOptions&quot;:{&quot;delay&quot;:1.5,&quot;disableOnInteraction&quot;:false,&quot;reverseDirection&quot;:false,&quot;pauseOnMouseEnter&quot;:false,&quot;stopOnLastSlide&quot;:false},&quot;freeModeOptions&quot;:{&quot;enabled&quot;:false,&quot;sticky&quot;:false},&quot;effect&quot;:&quot;slide&quot;,&quot;keyboardOptions&quot;:{&quot;enabled&quot;:false},&quot;isMousewheel&quot;:false,&quot;isPage&quot;:true,&quot;pageOnDevice&quot;:{&quot;tablet&quot;:true,&quot;mobile&quot;:true},&quot;isPageClickable&quot;:true,&quot;isPrevNext&quot;:true,&quot;prevNextOnDevice&quot;:{&quot;tablet&quot;:true,&quot;mobile&quot;:true},&quot;sliderBG&quot;:{&quot;color&quot;:&quot;#0000&quot;},&quot;sliderPadding&quot;:{&quot;vertical&quot;:&quot;0px&quot;,&quot;horizontal&quot;:&quot;0px&quot;},&quot;pageColor&quot;:&quot;#fff&quot;,&quot;pageWidth&quot;:&quot;15px&quot;,&quot;pageHeight&quot;:&quot;15px&quot;,&quot;prevNextColor&quot;:&quot;#fff&quot;,&quot;descColor&quot;:&quot;&quot;,&quot;linkTarget&quot;:&quot;_blank&quot;}'\n><\/div><\/div>\n\n\n\n<div class=\"wp-block-column is-vertically-aligned-center hidden-mobile is-layout-flow wp-block-column-is-layout-flow\">\n<figure class=\"wp-block-image size-large\"><img loading=\"lazy\" decoding=\"async\" width=\"653\" height=\"1024\" src=\"http:\/\/institut.bahaiqc.org\/fr\/wp-content\/uploads\/sites\/2\/2024\/01\/bg2-min-1-1-653x1024.png\" alt=\"\" class=\"wp-image-146\" srcset=\"https:\/\/institut.bahaiqc.org\/fr\/wp-content\/uploads\/sites\/2\/2024\/01\/bg2-min-1-1-653x1024.png 653w, https:\/\/institut.bahaiqc.org\/fr\/wp-content\/uploads\/sites\/2\/2024\/01\/bg2-min-1-1-191x300.png 191w, https:\/\/institut.bahaiqc.org\/fr\/wp-content\/uploads\/sites\/2\/2024\/01\/bg2-min-1-1-768x1204.png 768w, https:\/\/institut.bahaiqc.org\/fr\/wp-content\/uploads\/sites\/2\/2024\/01\/bg2-min-1-1-980x1536.png 980w, https:\/\/institut.bahaiqc.org\/fr\/wp-content\/uploads\/sites\/2\/2024\/01\/bg2-min-1-1.png 1000w\" sizes=\"auto, (max-width: 653px) 100vw, 653px\" \/><\/figure>\n<\/div>\n<\/div>\n","protected":false},"excerpt":{"rendered":"<p>Marcher sur un sentier de service Nous voulons tous voir le monde devenir meilleur. Nous souhaitons un avenir o\u00f9 la paix universelle aura \u00e9t\u00e9 \u00e9tablie et o\u00f9 la famille humaine vivra en harmonie. Un tel avenir n\u2019est pas un r\u00eave&nbsp;: nous pouvons le construire en \u00e9tant de plus en plus nombreux \u00e0 faire des efforts [&hellip;]<\/p>\n","protected":false},"author":1,"featured_media":0,"parent":0,"menu_order":0,"comment_status":"closed","ping_status":"closed","template":"","meta":{"footnotes":""},"class_list":["post-245","page","type-page","status-publish","hentry"],"_links":{"self":[{"href":"https:\/\/institut.bahaiqc.org\/fr\/wp-json\/wp\/v2\/pages\/245","targetHints":{"allow":["GET"]}}],"collection":[{"href":"https:\/\/institut.bahaiqc.org\/fr\/wp-json\/wp\/v2\/pages"}],"about":[{"href":"https:\/\/institut.bahaiqc.org\/fr\/wp-json\/wp\/v2\/types\/page"}],"author":[{"embeddable":true,"href":"https:\/\/institut.bahaiqc.org\/fr\/wp-json\/wp\/v2\/users\/1"}],"replies":[{"embeddable":true,"href":"https:\/\/institut.bahaiqc.org\/fr\/wp-json\/wp\/v2\/comments?post=245"}],"version-history":[{"count":54,"href":"https:\/\/institut.bahaiqc.org\/fr\/wp-json\/wp\/v2\/pages\/245\/revisions"}],"predecessor-version":[{"id":389,"href":"https:\/\/institut.bahaiqc.org\/fr\/wp-json\/wp\/v2\/pages\/245\/revisions\/389"}],"wp:attachment":[{"href":"https:\/\/institut.bahaiqc.org\/fr\/wp-json\/wp\/v2\/media?parent=245"}],"curies":[{"name":"wp","href":"https:\/\/api.w.org\/{rel}","templated":true}]}}