{"id":24,"date":"2024-01-01T04:56:13","date_gmt":"2024-01-01T04:56:13","guid":{"rendered":"http:\/\/institut.bahaiqc.org.local\/fr\/?page_id=24"},"modified":"2025-08-18T17:05:47","modified_gmt":"2025-08-18T17:05:47","slug":"childrens-classes","status":"publish","type":"page","link":"https:\/\/institut.bahaiqc.org\/fr\/childrens-classes\/","title":{"rendered":"Le programme d&#8217;\u00e9ducation spirituelle des enfants"},"content":{"rendered":"\n<div class=\"wp-block-columns is-layout-flex wp-container-core-columns-is-layout-333bf05b wp-block-columns-is-layout-flex\" style=\"padding-top:0;padding-right:0;padding-bottom:0;padding-left:0\">\n<div class=\"wp-block-column is-vertically-aligned-center is-layout-flow wp-block-column-is-layout-flow\">\n<h2 class=\"wp-block-heading\">Notre conception de l\u2019\u00e9ducation<\/h2>\n\n\n\n<p>Dans un monde o\u00f9 la joie et l\u2019innocence de l\u2019enfance peuvent \u00eatre si facilement submerg\u00e9es par la poursuite agressive de buts mat\u00e9rialistes, l\u2019\u00e9ducation morale et spirituelle des enfants prend une importance vitale.<\/p>\n\n\n\n<p>Le programme d\u2019\u00e9ducation spirituelle des enfants est fond\u00e9 sur la conviction que l\u2019\u00eatre humain est une mine riche en pierres pr\u00e9cieuses. Tous les enfants ont des qualit\u00e9s et des talents qui peuvent \u00eatre d\u00e9velopp\u00e9s. Chacun d\u2019entre eux peut grandir pour devenir un membre pr\u00e9cieux de la soci\u00e9t\u00e9 et contribuer \u00e0 l\u2019am\u00e9lioration du monde. Le r\u00f4le de l\u2019\u00e9ducation est de r\u00e9v\u00e9ler ces pierres pr\u00e9cieuses et de permettre \u00e0 l\u2019humanit\u00e9 d\u2019en profiter.<\/p>\n\n\n\n<p>Une \u00e9ducation compl\u00e8te doit permettre aux enfants de d\u00e9velopper leurs pouvoirs physiques et leur sant\u00e9, leurs capacit\u00e9s intellectuelles et artistiques, leurs habilet\u00e9s sociales et leurs qualit\u00e9s spirituelles. C\u2019est sur ces derni\u00e8res que le programme d\u2019\u00e9ducation spirituelle des enfants se concentre.<\/p>\n<\/div>\n\n\n\n<div class=\"wp-block-column is-vertically-aligned-center text-center is-layout-flow wp-block-column-is-layout-flow\" style=\"padding-top:var(--wp--preset--spacing--30);padding-right:0;padding-bottom:var(--wp--preset--spacing--30);padding-left:0\">\n<figure class=\"wp-block-image size-large has-custom-border is-resized is-style-default\"><img loading=\"lazy\" decoding=\"async\" width=\"1024\" height=\"678\" src=\"http:\/\/institut.bahaiqc.org\/fr\/wp-content\/uploads\/sites\/2\/2024\/01\/jpeg-optimizer_IMG_9255-2-1024x678.jpg\" alt=\"\" class=\"wp-image-56\" style=\"border-style:none;border-width:0px;border-radius:15px;object-fit:cover\" srcset=\"https:\/\/institut.bahaiqc.org\/fr\/wp-content\/uploads\/sites\/2\/2024\/01\/jpeg-optimizer_IMG_9255-2-1024x678.jpg 1024w, https:\/\/institut.bahaiqc.org\/fr\/wp-content\/uploads\/sites\/2\/2024\/01\/jpeg-optimizer_IMG_9255-2-300x199.jpg 300w, https:\/\/institut.bahaiqc.org\/fr\/wp-content\/uploads\/sites\/2\/2024\/01\/jpeg-optimizer_IMG_9255-2-768x509.jpg 768w, https:\/\/institut.bahaiqc.org\/fr\/wp-content\/uploads\/sites\/2\/2024\/01\/jpeg-optimizer_IMG_9255-2-1536x1017.jpg 1536w, https:\/\/institut.bahaiqc.org\/fr\/wp-content\/uploads\/sites\/2\/2024\/01\/jpeg-optimizer_IMG_9255-2-2048x1356.jpg 2048w\" sizes=\"auto, (max-width: 1024px) 100vw, 1024px\" \/><\/figure>\n<\/div>\n<\/div>\n\n\n\n<div class=\"wp-block-columns is-layout-flex wp-container-core-columns-is-layout-7fc3d43a wp-block-columns-is-layout-flex\">\n<div class=\"wp-block-column is-vertically-aligned-center is-layout-flow wp-block-column-is-layout-flow\" style=\"flex-basis:75%\">\n<h2 class=\"wp-block-heading\">\u00c0 propos du programme<\/h2>\n\n\n\n<p>Chaque le\u00e7on explore une qualit\u00e9 spirituelle \u00e0 l\u2019aide d\u2019une citation des <a href=\"http:\/\/bahai.org\/fr\" target=\"_blank\" rel=\"noreferrer noopener\">\u00c9crits bah\u00e1\u2019\u00eds<\/a> accompagn\u00e9e de chansons, d\u2019histoires, de jeux et d\u2019activit\u00e9s artistiques. Voici quelques exemples de ces qualit\u00e9s et des citations&nbsp;employ\u00e9es pour chacune&nbsp;:<\/p>\n\n\n\n<ul class=\"wp-block-list\">\n<li><strong>L&#8217;amour<\/strong> :<\/li>\n<\/ul>\n\n\n\n<blockquote class=\"wp-block-quote is-layout-flow wp-block-quote-is-layout-flow\">\n<p>\u00ab&nbsp;\u00d4 ami ! Dans le jardin de ton c\u0153ur, ne plante que la rose de l\u2019amour.&nbsp;\u00bb<\/p>\n<\/blockquote>\n\n\n\n<ul class=\"wp-block-list\">\n<li><strong>La justice<\/strong>&nbsp;:<\/li>\n<\/ul>\n\n\n\n<blockquote class=\"wp-block-quote is-layout-flow wp-block-quote-is-layout-flow\">\n<p>\u00ab&nbsp;Suivez le sentier de la justice, car c\u2019est l\u00e0, en v\u00e9rit\u00e9, le droit sentier.&nbsp;\u00bb<\/p>\n<\/blockquote>\n\n\n\n<ul class=\"wp-block-list\">\n<li><strong>La v\u00e9racit\u00e9<\/strong>&nbsp;:<\/li>\n<\/ul>\n\n\n\n<blockquote class=\"wp-block-quote is-layout-flow wp-block-quote-is-layout-flow\">\n<p>\u00ab&nbsp;La v\u00e9racit\u00e9 est le fondement de toutes les vertus humaines.&nbsp;\u00bb<\/p>\n<\/blockquote>\n\n\n\n<p>Bien que les le\u00e7ons emploient des extraits des \u00c9crits bah\u00e1\u2019\u00eds, il est important de noter qu\u2019il ne s\u2019agit pas d\u2019un programme d\u2019instruction religieuse. Plut\u00f4t que d\u2019imposer des croyances, il vise \u00e0 favoriser l\u2019amour de la connaissance, l\u2019ouverture d\u2019esprit et le d\u00e9sir d\u2019apprendre. Dans un monde o\u00f9 les pouvoirs politiques, \u00e9conomiques et culturels promeuvent agressivement des mod\u00e8les de croyance et de comportement qui servent leurs propres int\u00e9r\u00eats, le programme cherche \u00e0 \u00e9quiper les enfants de principes spirituels qui les guideront dans leurs efforts pour cr\u00e9er un monde meilleur.<\/p>\n<\/div>\n\n\n\n<div class=\"wp-block-column is-vertically-aligned-center hidden-mobile is-layout-flow wp-block-column-is-layout-flow\" style=\"padding-top:0;padding-bottom:0;flex-basis:25%\">\n<figure class=\"wp-block-image size-full opacity-25 wp-duotone-dark-grayscale\"><img loading=\"lazy\" decoding=\"async\" width=\"460\" height=\"800\" src=\"http:\/\/institut.bahaiqc.org\/fr\/wp-content\/uploads\/sites\/2\/2024\/01\/327663.png\" alt=\"\" class=\"wp-image-108\" srcset=\"https:\/\/institut.bahaiqc.org\/fr\/wp-content\/uploads\/sites\/2\/2024\/01\/327663.png 460w, https:\/\/institut.bahaiqc.org\/fr\/wp-content\/uploads\/sites\/2\/2024\/01\/327663-173x300.png 173w\" sizes=\"auto, (max-width: 460px) 100vw, 460px\" \/><\/figure>\n<\/div>\n<\/div>\n\n\n\n<div class=\"wp-block-columns are-vertically-aligned-center is-layout-flex wp-container-core-columns-is-layout-4e89e8ae wp-block-columns-is-layout-flex\" style=\"margin-top:var(--wp--preset--spacing--40)\">\n<div class=\"wp-block-column is-vertically-aligned-center text-center is-layout-flow wp-block-column-is-layout-flow\" style=\"padding-top:var(--wp--preset--spacing--30);padding-bottom:var(--wp--preset--spacing--30)\">\n<figure class=\"wp-block-image size-large has-custom-border is-resized\"><img loading=\"lazy\" decoding=\"async\" width=\"1024\" height=\"683\" src=\"http:\/\/institut.bahaiqc.org\/fr\/wp-content\/uploads\/sites\/2\/2024\/01\/8653313-master-1024x683.jpg\" alt=\"\" class=\"wp-image-50\" style=\"border-radius:15px\" srcset=\"https:\/\/institut.bahaiqc.org\/fr\/wp-content\/uploads\/sites\/2\/2024\/01\/8653313-master-1024x683.jpg 1024w, https:\/\/institut.bahaiqc.org\/fr\/wp-content\/uploads\/sites\/2\/2024\/01\/8653313-master-300x200.jpg 300w, https:\/\/institut.bahaiqc.org\/fr\/wp-content\/uploads\/sites\/2\/2024\/01\/8653313-master-768x512.jpg 768w, https:\/\/institut.bahaiqc.org\/fr\/wp-content\/uploads\/sites\/2\/2024\/01\/8653313-master-1536x1024.jpg 1536w, https:\/\/institut.bahaiqc.org\/fr\/wp-content\/uploads\/sites\/2\/2024\/01\/8653313-master-2048x1365.jpg 2048w\" sizes=\"auto, (max-width: 1024px) 100vw, 1024px\" \/><\/figure>\n<\/div>\n\n\n\n<div class=\"wp-block-column is-vertically-aligned-center is-layout-flow wp-block-column-is-layout-flow\">\n<h2 class=\"wp-block-heading\">Mat\u00e9riel \u00e9ducatif<\/h2>\n\n\n\n<p>Les le\u00e7ons du programme sont tir\u00e9es du troisi\u00e8me livre de la s\u00e9quence de cours de <a href=\"http:\/\/ruhi.org\/fr\" target=\"_blank\" rel=\"noreferrer noopener\">l\u2019Institut Ruhi<\/a>, dont l\u2019\u00e9tude sert aussi de formation pour les personnes qui d\u00e9sirent servir comme enseignants de classes pour enfants. Un exemple d\u2019une le\u00e7on compl\u00e8te peut \u00eatre trouv\u00e9e ici&nbsp;:<\/p>\n\n\n\n<p><a href=\"https:\/\/www.ruhi.org\/fr\/childrens-classes-example-lesson\/\" target=\"_blank\" rel=\"noreferrer noopener\">https:\/\/www.ruhi.org\/fr\/childrens-classes-example-lesson\/<\/a><\/p>\n<\/div>\n<\/div>\n\n\n\n<div class=\"wp-block-columns is-layout-flex wp-container-core-columns-is-layout-cbe57604 wp-block-columns-is-layout-flex\">\n<div class=\"wp-block-column is-vertically-aligned-center is-layout-flow wp-block-column-is-layout-flow\">\n<h2 class=\"wp-block-heading\">En pratique<\/h2>\n\n\n\n<p>Des classes pour enfants peuvent se tenir de fa\u00e7on r\u00e9guli\u00e8re dans divers lieux de rencontre, comme une r\u00e9sidence priv\u00e9e, un centre communautaire ou un parc. De plus, les festivals pour enfants sont des occasions joyeuses de r\u00e9unir plusieurs groupes de familles quelques fois par ann\u00e9e.<\/p>\n<\/div>\n\n\n\n<div class=\"wp-block-column is-vertically-aligned-center is-layout-flow wp-block-column-is-layout-flow\" style=\"padding-top:var(--wp--preset--spacing--30);padding-bottom:var(--wp--preset--spacing--30);flex-basis:55%\">\n<figure class=\"wp-block-image size-large has-custom-border\"><img loading=\"lazy\" decoding=\"async\" width=\"1024\" height=\"640\" src=\"http:\/\/institut.bahaiqc.org\/fr\/wp-content\/uploads\/sites\/2\/2024\/01\/edited-1024x640.jpg\" alt=\"\" class=\"wp-image-92\" style=\"border-radius:15px\" srcset=\"https:\/\/institut.bahaiqc.org\/fr\/wp-content\/uploads\/sites\/2\/2024\/01\/edited-1024x640.jpg 1024w, https:\/\/institut.bahaiqc.org\/fr\/wp-content\/uploads\/sites\/2\/2024\/01\/edited-300x188.jpg 300w, https:\/\/institut.bahaiqc.org\/fr\/wp-content\/uploads\/sites\/2\/2024\/01\/edited-768x480.jpg 768w, https:\/\/institut.bahaiqc.org\/fr\/wp-content\/uploads\/sites\/2\/2024\/01\/edited-1536x960.jpg 1536w, https:\/\/institut.bahaiqc.org\/fr\/wp-content\/uploads\/sites\/2\/2024\/01\/edited.jpg 1897w\" sizes=\"auto, (max-width: 1024px) 100vw, 1024px\" \/><\/figure>\n<\/div>\n<\/div>\n\n\n\n<h2 class=\"wp-block-heading\">T\u00e9moignages<\/h2>\n\n\n\n<p>T\u00e9moignages d&#8217;enfants participant dans le programme d\u2019\u00e9ducation spirituelle des enfants&nbsp;:<\/p>\n\n\n\n<blockquote class=\"wp-block-quote is-layout-flow wp-block-quote-is-layout-flow\">\n<p>\u00ab&nbsp;Ce que je pr\u00e9f\u00e8re dans les classes d&#8217;enfants, c&#8217;est quand on colorie et qu&#8217;on chante des pri\u00e8res.&nbsp;\u00bb<\/p>\n<\/blockquote>\n\n\n\n<blockquote class=\"wp-block-quote is-layout-flow wp-block-quote-is-layout-flow\">\n<p><\/p>\n\n\n\n<p>\u00ab&nbsp;J&#8217;aime la classe d&#8217;enfants parce qu&#8217;on fait beaucoup d&#8217;activit\u00e9s amusantes et j&#8217;aime les devinettes, les dessins et les histoires.&nbsp;\u00bb<\/p>\n<\/blockquote>\n\n\n\n<p>T\u00e9moignages de parents&nbsp;:<\/p>\n\n\n\n<blockquote class=\"wp-block-quote is-layout-flow wp-block-quote-is-layout-flow\">\n<p>\u00ab&nbsp;La spiritualit\u00e9 exprim\u00e9e par la musique et les arts rend mes enfants joyeux et les influence positivement dans leur vie de tous les jours.&nbsp;\u00bb<\/p>\n<\/blockquote>\n\n\n\n<blockquote class=\"wp-block-quote is-layout-flow wp-block-quote-is-layout-flow\">\n<p>\u00ab&nbsp;Nous sommes tr\u00e8s reconnaissants de cette opportunit\u00e9 de renforcer les amiti\u00e9s de nos enfants bas\u00e9es sur de grandes valeurs.&nbsp;\u00bb<\/p>\n<\/blockquote>\n\n\n\n<h2 class=\"wp-block-heading has-text-align-center\" style=\"margin-top:var(--wp--preset--spacing--40);margin-bottom:var(--wp--preset--spacing--30)\">Galerie<\/h2>\n\n\n\n<div class=\"wp-block-columns are-vertically-aligned-center no-gap is-layout-flex wp-container-core-columns-is-layout-28f84493 wp-block-columns-is-layout-flex\">\n<div class=\"wp-block-column is-vertically-aligned-center hidden-mobile is-layout-flow wp-block-column-is-layout-flow\">\n<figure class=\"wp-block-image size-large\"><img loading=\"lazy\" decoding=\"async\" width=\"653\" height=\"1024\" src=\"http:\/\/institut.bahaiqc.org\/fr\/wp-content\/uploads\/sites\/2\/2024\/01\/bg1-min-1-1-653x1024.png\" alt=\"\" class=\"wp-image-147\" srcset=\"https:\/\/institut.bahaiqc.org\/fr\/wp-content\/uploads\/sites\/2\/2024\/01\/bg1-min-1-1-653x1024.png 653w, https:\/\/institut.bahaiqc.org\/fr\/wp-content\/uploads\/sites\/2\/2024\/01\/bg1-min-1-1-191x300.png 191w, https:\/\/institut.bahaiqc.org\/fr\/wp-content\/uploads\/sites\/2\/2024\/01\/bg1-min-1-1-768x1205.png 768w, https:\/\/institut.bahaiqc.org\/fr\/wp-content\/uploads\/sites\/2\/2024\/01\/bg1-min-1-1-979x1536.png 979w, https:\/\/institut.bahaiqc.org\/fr\/wp-content\/uploads\/sites\/2\/2024\/01\/bg1-min-1-1.png 1000w\" sizes=\"auto, (max-width: 653px) 100vw, 653px\" \/><\/figure>\n<\/div>\n\n\n\n<div class=\"wp-block-column is-vertically-aligned-center is-layout-flow wp-block-column-is-layout-flow\" style=\"flex-basis:600px\"><div\n    \tclass=\"free align wp-block-csb-content-slider-block\"    id='csbContentSlider-1' \n    data-attributes='{&quot;slides&quot;:[{&quot;background&quot;:{&quot;color&quot;:&quot;rgba(0, 0, 0, 0)&quot;,&quot;type&quot;:&quot;image&quot;,&quot;gradient&quot;:&quot;linear-gradient(135deg, #4527a4, #8344c5)&quot;,&quot;image&quot;:{&quot;id&quot;:null,&quot;url&quot;:&quot;https:\\\/\\\/institut.bahaiqc.org\\\/fr\\\/wp-content\\\/uploads\\\/sites\\\/2\\\/2024\\\/01\\\/children1.jpg&quot;,&quot;alt&quot;:&quot;&quot;,&quot;title&quot;:&quot;&quot;},&quot;position&quot;:&quot;center center&quot;,&quot;attachment&quot;:&quot;initial&quot;,&quot;repeat&quot;:&quot;no-repeat&quot;,&quot;size&quot;:&quot;cover&quot;,&quot;overlayColor&quot;:&quot;rgba(0, 0, 0, 0)&quot;,&quot;styles&quot;:&quot;background: url(http:\\\/\\\/institut.bahaiqc.local\\\/wp-content\\\/uploads\\\/2023\\\/01\\\/image-2.png); background-position: center center; background-size: cover; background-repeat: no-repeat; background-color: rgba(0, 0, 0, 0); background-blend-mode: overlay;&quot;},&quot;position&quot;:&quot;center center&quot;,&quot;positionHolder&quot;:&quot;center center&quot;,&quot;childPositions&quot;:[{&quot;top&quot;:11,&quot;left&quot;:5.8},{&quot;top&quot;:22,&quot;left&quot;:5.8},{&quot;top&quot;:33,&quot;left&quot;:5.8}],&quot;title&quot;:&quot;Slide Title 1&quot;,&quot;titleColor&quot;:&quot;#9DFF20&quot;,&quot;description&quot;:&quot;This content area describes slider 1 descriptions\\\/details.&quot;,&quot;descColor&quot;:&quot;#fff&quot;,&quot;btnText&quot;:&quot;Button 1&quot;,&quot;btnLink&quot;:&quot;#&quot;,&quot;btnColors&quot;:{&quot;color&quot;:&quot;#fff&quot;,&quot;bg&quot;:&quot;#4527a4&quot;,&quot;bgType&quot;:&quot;solid&quot;,&quot;gradient&quot;:&quot;linear-gradient(135deg, #4527a4, #8344c5)&quot;,&quot;styles&quot;:&quot;color: #fff; background: #4527a4;&quot;},&quot;btnHovColors&quot;:{&quot;color&quot;:&quot;#fff&quot;,&quot;bg&quot;:&quot;#8344c5&quot;,&quot;bgType&quot;:&quot;solid&quot;,&quot;gradient&quot;:&quot;linear-gradient(135deg, #4527a4, #8344c5)&quot;,&quot;styles&quot;:&quot;color: #fff; background: #8344c5;&quot;}},{&quot;background&quot;:{&quot;color&quot;:&quot;#00000080&quot;,&quot;type&quot;:&quot;image&quot;,&quot;image&quot;:{&quot;id&quot;:null,&quot;url&quot;:&quot;http:\\\/\\\/institut.bahaiqc.org\\\/fr\\\/wp-content\\\/uploads\\\/sites\\\/2\\\/2024\\\/01\\\/WhatsApp-Image-2023-12-17-at-00.29.18.jpeg&quot;,&quot;alt&quot;:&quot;&quot;,&quot;title&quot;:&quot;&quot;},&quot;overlayColor&quot;:&quot;rgba(0, 0, 0, 0)&quot;,&quot;position&quot;:&quot;center center&quot;,&quot;attachment&quot;:&quot;initial&quot;,&quot;repeat&quot;:&quot;no-repeat&quot;,&quot;size&quot;:&quot;cover&quot;},&quot;border&quot;:[],&quot;position&quot;:&quot;center center&quot;,&quot;positionHolder&quot;:&quot;center center&quot;,&quot;childPositions&quot;:[{&quot;top&quot;:11,&quot;left&quot;:5.8},{&quot;top&quot;:22,&quot;left&quot;:5.8},{&quot;top&quot;:33,&quot;left&quot;:5.8}],&quot;title&quot;:&quot;Slide Title 2&quot;,&quot;titleColor&quot;:&quot;#fff&quot;,&quot;description&quot;:&quot;This content area describes slider 2 descriptions\\\/details.&quot;,&quot;descColor&quot;:&quot;#fff&quot;,&quot;btnText&quot;:&quot;Button 2&quot;,&quot;btnLink&quot;:&quot;#&quot;,&quot;btnColors&quot;:{&quot;color&quot;:&quot;#fff&quot;,&quot;bg&quot;:&quot;#4527a4&quot;},&quot;btnHovColors&quot;:{&quot;color&quot;:&quot;#fff&quot;,&quot;bg&quot;:&quot;#8344c5&quot;}},{&quot;background&quot;:{&quot;color&quot;:&quot;#00000080&quot;,&quot;type&quot;:&quot;image&quot;,&quot;image&quot;:{&quot;id&quot;:null,&quot;url&quot;:&quot;http:\\\/\\\/institut.bahaiqc.org\\\/fr\\\/wp-content\\\/uploads\\\/sites\\\/2\\\/2024\\\/01\\\/3a169f11-20df-49d3-bb03-13a213669122.jpg&quot;,&quot;alt&quot;:&quot;&quot;,&quot;title&quot;:&quot;&quot;},&quot;overlayColor&quot;:&quot;rgba(0, 0, 0, 0)&quot;,&quot;position&quot;:&quot;center center&quot;,&quot;attachment&quot;:&quot;initial&quot;,&quot;repeat&quot;:&quot;no-repeat&quot;,&quot;size&quot;:&quot;cover&quot;},&quot;border&quot;:[],&quot;position&quot;:&quot;center center&quot;,&quot;positionHolder&quot;:&quot;center center&quot;,&quot;childPositions&quot;:[{&quot;top&quot;:11,&quot;left&quot;:5.8},{&quot;top&quot;:22,&quot;left&quot;:5.8},{&quot;top&quot;:33,&quot;left&quot;:5.8}],&quot;title&quot;:&quot;Slide Title 3&quot;,&quot;titleColor&quot;:&quot;#fff&quot;,&quot;description&quot;:&quot;This content area describes slider 3 descriptions\\\/details.&quot;,&quot;descColor&quot;:&quot;#fff&quot;,&quot;btnText&quot;:&quot;Button 3&quot;,&quot;btnLink&quot;:&quot;#&quot;,&quot;btnColors&quot;:{&quot;color&quot;:&quot;#fff&quot;,&quot;bg&quot;:&quot;#4527a4&quot;},&quot;btnHovColors&quot;:{&quot;color&quot;:&quot;#fff&quot;,&quot;bg&quot;:&quot;#8344c5&quot;}},{&quot;background&quot;:{&quot;color&quot;:&quot;#00000080&quot;,&quot;type&quot;:&quot;image&quot;,&quot;image&quot;:{&quot;id&quot;:null,&quot;url&quot;:&quot;http:\\\/\\\/institut.bahaiqc.org\\\/fr\\\/wp-content\\\/uploads\\\/sites\\\/2\\\/2024\\\/01\\\/family-camp-children.jpeg&quot;,&quot;alt&quot;:&quot;&quot;,&quot;title&quot;:&quot;&quot;},&quot;overlayColor&quot;:&quot;rgba(0, 0, 0, 0)&quot;,&quot;position&quot;:&quot;center center&quot;,&quot;attachment&quot;:&quot;initial&quot;,&quot;repeat&quot;:&quot;no-repeat&quot;,&quot;size&quot;:&quot;cover&quot;},&quot;border&quot;:[],&quot;position&quot;:&quot;center center&quot;,&quot;positionHolder&quot;:&quot;center center&quot;,&quot;childPositions&quot;:[{&quot;top&quot;:11,&quot;left&quot;:5.8},{&quot;top&quot;:22,&quot;left&quot;:5.8},{&quot;top&quot;:33,&quot;left&quot;:5.8}],&quot;title&quot;:&quot;Slide Title 4&quot;,&quot;titleColor&quot;:&quot;#fff&quot;,&quot;description&quot;:&quot;This content area describes slider 4 descriptions\\\/details.&quot;,&quot;descColor&quot;:&quot;#fff&quot;,&quot;btnText&quot;:&quot;Button 4&quot;,&quot;btnLink&quot;:&quot;#&quot;,&quot;btnColors&quot;:{&quot;color&quot;:&quot;#fff&quot;,&quot;bg&quot;:&quot;#4527a4&quot;},&quot;btnHovColors&quot;:{&quot;color&quot;:&quot;#fff&quot;,&quot;bg&quot;:&quot;#8344c5&quot;}}],&quot;sliderHeight&quot;:&quot;600px&quot;,&quot;isTouchMove&quot;:false,&quot;speed&quot;:4,&quot;isPageDynamic&quot;:false,&quot;pageBorder&quot;:{&quot;radius&quot;:&quot;50%&quot;,&quot;width&quot;:&quot;0px&quot;,&quot;style&quot;:&quot;solid&quot;,&quot;color&quot;:&quot;rgba(255, 183, 0, 0.57)&quot;,&quot;side&quot;:&quot;all&quot;,&quot;styles&quot;:&quot;border-radius: 50%;&quot;},&quot;isTitle&quot;:false,&quot;titleTypo&quot;:{&quot;fontSize&quot;:25,&quot;styles&quot;:&quot;font-size: 25px; line-height: 135%;&quot;,&quot;googleFontLink&quot;:&quot;&quot;},&quot;isDesc&quot;:false,&quot;descTypo&quot;:{&quot;fontSize&quot;:15,&quot;styles&quot;:&quot;font-size: 15px; line-height: 135%;&quot;,&quot;googleFontLink&quot;:&quot;&quot;},&quot;isBtn&quot;:false,&quot;btnTypo&quot;:{&quot;fontSize&quot;:16,&quot;styles&quot;:&quot;font-size: 16px; line-height: 135%;&quot;,&quot;googleFontLink&quot;:&quot;&quot;},&quot;btnPadding&quot;:{&quot;vertical&quot;:&quot;12px&quot;,&quot;horizontal&quot;:&quot;35px&quot;,&quot;side&quot;:2,&quot;top&quot;:&quot;0px&quot;,&quot;right&quot;:&quot;0px&quot;,&quot;bottom&quot;:&quot;0px&quot;,&quot;left&quot;:&quot;0px&quot;,&quot;styles&quot;:&quot;12px 35px&quot;},&quot;btnBorder&quot;:{&quot;radius&quot;:&quot;3px&quot;,&quot;width&quot;:&quot;0px&quot;,&quot;style&quot;:&quot;solid&quot;,&quot;color&quot;:&quot;#0000&quot;,&quot;side&quot;:&quot;all&quot;,&quot;styles&quot;:&quot;border-radius: 3px;&quot;},&quot;align&quot;:&quot;&quot;,&quot;columns&quot;:{&quot;desktop&quot;:1,&quot;tablet&quot;:1,&quot;mobile&quot;:1},&quot;columnGap&quot;:15,&quot;sliderWidth&quot;:&quot;100%&quot;,&quot;sliderAlign&quot;:&quot;center&quot;,&quot;isLoop&quot;:true,&quot;isAutoplay&quot;:true,&quot;autoplayOptions&quot;:{&quot;delay&quot;:1.5,&quot;disableOnInteraction&quot;:false,&quot;reverseDirection&quot;:false,&quot;pauseOnMouseEnter&quot;:false,&quot;stopOnLastSlide&quot;:false},&quot;freeModeOptions&quot;:{&quot;enabled&quot;:false,&quot;sticky&quot;:false},&quot;effect&quot;:&quot;slide&quot;,&quot;keyboardOptions&quot;:{&quot;enabled&quot;:false},&quot;isMousewheel&quot;:false,&quot;isPage&quot;:true,&quot;pageOnDevice&quot;:{&quot;tablet&quot;:true,&quot;mobile&quot;:true},&quot;isPageClickable&quot;:true,&quot;isPrevNext&quot;:true,&quot;prevNextOnDevice&quot;:{&quot;tablet&quot;:true,&quot;mobile&quot;:true},&quot;sliderBG&quot;:{&quot;color&quot;:&quot;#0000&quot;},&quot;sliderPadding&quot;:{&quot;vertical&quot;:&quot;0px&quot;,&quot;horizontal&quot;:&quot;0px&quot;},&quot;pageColor&quot;:&quot;#fff&quot;,&quot;pageWidth&quot;:&quot;15px&quot;,&quot;pageHeight&quot;:&quot;15px&quot;,&quot;prevNextColor&quot;:&quot;#fff&quot;,&quot;descColor&quot;:&quot;&quot;,&quot;linkTarget&quot;:&quot;_blank&quot;}'\n><\/div><\/div>\n\n\n\n<div class=\"wp-block-column is-vertically-aligned-center hidden-mobile is-layout-flow wp-block-column-is-layout-flow\">\n<figure class=\"wp-block-image size-large\"><img loading=\"lazy\" decoding=\"async\" width=\"653\" height=\"1024\" src=\"http:\/\/institut.bahaiqc.org\/fr\/wp-content\/uploads\/sites\/2\/2024\/01\/bg2-min-1-1-653x1024.png\" alt=\"\" class=\"wp-image-146\" srcset=\"https:\/\/institut.bahaiqc.org\/fr\/wp-content\/uploads\/sites\/2\/2024\/01\/bg2-min-1-1-653x1024.png 653w, https:\/\/institut.bahaiqc.org\/fr\/wp-content\/uploads\/sites\/2\/2024\/01\/bg2-min-1-1-191x300.png 191w, https:\/\/institut.bahaiqc.org\/fr\/wp-content\/uploads\/sites\/2\/2024\/01\/bg2-min-1-1-768x1204.png 768w, https:\/\/institut.bahaiqc.org\/fr\/wp-content\/uploads\/sites\/2\/2024\/01\/bg2-min-1-1-980x1536.png 980w, https:\/\/institut.bahaiqc.org\/fr\/wp-content\/uploads\/sites\/2\/2024\/01\/bg2-min-1-1.png 1000w\" sizes=\"auto, (max-width: 653px) 100vw, 653px\" \/><\/figure>\n<\/div>\n<\/div>\n","protected":false},"excerpt":{"rendered":"<p>Notre conception de l\u2019\u00e9ducation Dans un monde o\u00f9 la joie et l\u2019innocence de l\u2019enfance peuvent \u00eatre si facilement submerg\u00e9es par la poursuite agressive de buts mat\u00e9rialistes, l\u2019\u00e9ducation morale et spirituelle des enfants prend une importance vitale. Le programme d\u2019\u00e9ducation spirituelle des enfants est fond\u00e9 sur la conviction que l\u2019\u00eatre humain est une mine riche en [&hellip;]<\/p>\n","protected":false},"author":1,"featured_media":0,"parent":0,"menu_order":0,"comment_status":"closed","ping_status":"closed","template":"","meta":{"footnotes":""},"class_list":["post-24","page","type-page","status-publish","hentry"],"_links":{"self":[{"href":"https:\/\/institut.bahaiqc.org\/fr\/wp-json\/wp\/v2\/pages\/24","targetHints":{"allow":["GET"]}}],"collection":[{"href":"https:\/\/institut.bahaiqc.org\/fr\/wp-json\/wp\/v2\/pages"}],"about":[{"href":"https:\/\/institut.bahaiqc.org\/fr\/wp-json\/wp\/v2\/types\/page"}],"author":[{"embeddable":true,"href":"https:\/\/institut.bahaiqc.org\/fr\/wp-json\/wp\/v2\/users\/1"}],"replies":[{"embeddable":true,"href":"https:\/\/institut.bahaiqc.org\/fr\/wp-json\/wp\/v2\/comments?post=24"}],"version-history":[{"count":133,"href":"https:\/\/institut.bahaiqc.org\/fr\/wp-json\/wp\/v2\/pages\/24\/revisions"}],"predecessor-version":[{"id":393,"href":"https:\/\/institut.bahaiqc.org\/fr\/wp-json\/wp\/v2\/pages\/24\/revisions\/393"}],"wp:attachment":[{"href":"https:\/\/institut.bahaiqc.org\/fr\/wp-json\/wp\/v2\/media?parent=24"}],"curies":[{"name":"wp","href":"https:\/\/api.w.org\/{rel}","templated":true}]}}