{"id":166,"date":"2024-01-02T19:18:58","date_gmt":"2024-01-02T19:18:58","guid":{"rendered":"http:\/\/institut.bahaiqc.org.local\/fr\/?page_id=166"},"modified":"2025-08-18T17:01:27","modified_gmt":"2025-08-18T17:01:27","slug":"junior-youth-groups","status":"publish","type":"page","link":"https:\/\/institut.bahaiqc.org\/fr\/junior-youth-groups\/","title":{"rendered":"Le programme d\u2019habilitation spirituelle des pr\u00e9jeunes"},"content":{"rendered":"\n<div class=\"wp-block-columns is-layout-flex wp-container-core-columns-is-layout-28f84493 wp-block-columns-is-layout-flex\">\n<div class=\"wp-block-column is-layout-flow wp-block-column-is-layout-flow\" style=\"padding-top:0;padding-bottom:0\">\n<h2 class=\"wp-block-heading\">Une p\u00e9riode sp\u00e9ciale<\/h2>\n\n\n\n<p>Les pr\u00e9jeunes entre 11 et 15 ans vivent une p\u00e9riode cruciale de leur vie. Ils ne sont plus des enfants, mais n\u2019ont pas encore atteint la pl\u00e9nitude de la jeunesse. \u00c0 cet \u00e2ge, de nombreuses facult\u00e9s sont d\u00e9velopp\u00e9es, incluant un sens aigu de la justice et la capacit\u00e9 d\u2019analyser ce qui se passe autour d\u2019eux. Entre autres, avec l\u2019av\u00e8nement de la technologie, la mondialisation et la crise environnementale plan\u00e9taire, les pr\u00e9jeunes vont se poser des questions fondamentales sur l\u2019existence et chercher \u00e0 d\u00e9couvrir leurs talents pour aider le monde. Parfois ils seront timides ou courageux, ils diront vouloir \u00eatre seuls, mais en v\u00e9rit\u00e9, d\u00e9sireront avoir du soutien. Ces comportements ne sont que temporaires, mais leur vision du monde et les talents qu\u2019ils auront d\u00e9velopp\u00e9s resteront avec eux pour la vie.&nbsp;<\/p>\n<\/div>\n\n\n\n<div class=\"wp-block-column is-vertically-aligned-center has-small-font-size is-layout-flow wp-container-core-column-is-layout-545b9678 wp-block-column-is-layout-flow\" style=\"border-style:none;border-width:0px;padding-top:var(--wp--preset--spacing--40);padding-right:0;padding-bottom:var(--wp--preset--spacing--40);padding-left:0\">\n<figure class=\"wp-block-image aligncenter size-large is-resized has-custom-border\"><img loading=\"lazy\" decoding=\"async\" width=\"1024\" height=\"682\" src=\"http:\/\/institut.bahaiqc.org\/fr\/wp-content\/uploads\/sites\/2\/2024\/01\/JY-2-1024x682.webp\" alt=\"\" class=\"wp-image-172\" style=\"border-style:none;border-width:0px;border-radius:15px;width:444px;height:auto\" srcset=\"https:\/\/institut.bahaiqc.org\/fr\/wp-content\/uploads\/sites\/2\/2024\/01\/JY-2-1024x682.webp 1024w, https:\/\/institut.bahaiqc.org\/fr\/wp-content\/uploads\/sites\/2\/2024\/01\/JY-2-300x200.webp 300w, https:\/\/institut.bahaiqc.org\/fr\/wp-content\/uploads\/sites\/2\/2024\/01\/JY-2-768x512.webp 768w, https:\/\/institut.bahaiqc.org\/fr\/wp-content\/uploads\/sites\/2\/2024\/01\/JY-2.webp 1448w\" sizes=\"auto, (max-width: 1024px) 100vw, 1024px\" \/><\/figure>\n<\/div>\n<\/div>\n\n\n\n<div class=\"wp-block-columns is-layout-flex wp-container-core-columns-is-layout-28f84493 wp-block-columns-is-layout-flex\">\n<div class=\"wp-block-column is-vertically-aligned-center is-layout-flow wp-block-column-is-layout-flow\" style=\"padding-top:var(--wp--preset--spacing--40);padding-right:0;padding-bottom:var(--wp--preset--spacing--40);padding-left:0\">\n<figure class=\"wp-block-image size-large is-resized has-custom-border\"><img loading=\"lazy\" decoding=\"async\" width=\"1024\" height=\"498\" src=\"http:\/\/institut.bahaiqc.org\/fr\/wp-content\/uploads\/sites\/2\/2024\/01\/JY3-1024x498.jpg\" alt=\"\" class=\"wp-image-199\" style=\"border-radius:15px;width:588px;height:auto\" srcset=\"https:\/\/institut.bahaiqc.org\/fr\/wp-content\/uploads\/sites\/2\/2024\/01\/JY3-1024x498.jpg 1024w, https:\/\/institut.bahaiqc.org\/fr\/wp-content\/uploads\/sites\/2\/2024\/01\/JY3-300x146.jpg 300w, https:\/\/institut.bahaiqc.org\/fr\/wp-content\/uploads\/sites\/2\/2024\/01\/JY3-768x373.jpg 768w, https:\/\/institut.bahaiqc.org\/fr\/wp-content\/uploads\/sites\/2\/2024\/01\/JY3-1536x747.jpg 1536w, https:\/\/institut.bahaiqc.org\/fr\/wp-content\/uploads\/sites\/2\/2024\/01\/JY3.jpg 1668w\" sizes=\"auto, (max-width: 1024px) 100vw, 1024px\" \/><\/figure>\n<\/div>\n\n\n\n<div class=\"wp-block-column is-layout-flow wp-block-column-is-layout-flow\">\n<h2 class=\"wp-block-heading\">\u00c0 propos du programme<\/h2>\n\n\n\n<p>Le programme d\u2019habilitation spirituelle des pr\u00e9jeunes cherche \u00e0 doter les pr\u00e9jeunes d&#8217;une compr\u00e9hension approfondie de leur potentiel. Il vise \u00e0 renforcer le pouvoir d&#8217;expression des pr\u00e9jeunes, \u00e0 explorer leurs talents, \u00e0 les aider \u00e0 d\u00e9velopper des qualit\u00e9s morales ainsi que leurs capacit\u00e9s comme acteurs de changement et de planifier et r\u00e9aliser des projets de service pour leur communaut\u00e9 avec leurs amis. Aid\u00e9s par des animateurs plus exp\u00e9riment\u00e9s, ils d\u00e9velopperont les outils n\u00e9cessaires pour combattre certaines forces sociales n\u00e9gatives comme l\u2019apathie, la discrimination ou le mat\u00e9rialisme.<\/p>\n<\/div>\n<\/div>\n\n\n\n<div class=\"wp-block-columns are-vertically-aligned-center is-layout-flex wp-container-core-columns-is-layout-4e89e8ae wp-block-columns-is-layout-flex\" style=\"margin-top:var(--wp--preset--spacing--40)\">\n<div class=\"wp-block-column is-vertically-aligned-center is-layout-flow wp-block-column-is-layout-flow\">\n<h2 class=\"wp-block-heading\">Mat\u00e9riel \u00e9ducatif<\/h2>\n\n\n\n<p>Tous les cahiers utilis\u00e9s traitent du d\u00e9veloppement du langage et du pouvoir d\u2019expression. Certains concernent des habilet\u00e9s en math\u00e9matiques ou des questions sociales, tandis que d&#8217;autres pr\u00e9parent les jeunes pour une recherche sur la r\u00e9alit\u00e9 physique et morale.<\/p>\n\n\n\n<p>Les th\u00e8mes des cahiers sont abord\u00e9s selon une perspective bah\u00e1\u2019\u00ede, mais sans adopter les m\u00e9thodes de l\u2019enseignement religieux. Nombreuses institutions, dont plusieurs institutions acad\u00e9miques \u00e0 travers le monde, les trouvent utiles pour compl\u00e9ter leur programme \u00e9ducatif.<\/p>\n\n\n\n<p class=\"has-text-align-left\">Pour en savoir plus&nbsp;: <a href=\"https:\/\/www.devlp.org\/fr\/its-materials\" target=\"_blank\" rel=\"noreferrer noopener\">https:\/\/www.devlp.org\/fr\/its-materials<\/a><\/p>\n<\/div>\n\n\n\n<div class=\"wp-block-column is-vertically-aligned-center text-center is-layout-flow wp-block-column-is-layout-flow\" style=\"padding-top:var(--wp--preset--spacing--30);padding-bottom:var(--wp--preset--spacing--30)\">\n<figure class=\"wp-block-image size-full has-custom-border is-resized\"><img loading=\"lazy\" decoding=\"async\" width=\"704\" height=\"466\" src=\"http:\/\/institut.bahaiqc.org\/fr\/wp-content\/uploads\/sites\/2\/2024\/01\/JY2.jpg\" alt=\"\" class=\"wp-image-230\" style=\"border-radius:15px\" srcset=\"https:\/\/institut.bahaiqc.org\/fr\/wp-content\/uploads\/sites\/2\/2024\/01\/JY2.jpg 704w, https:\/\/institut.bahaiqc.org\/fr\/wp-content\/uploads\/sites\/2\/2024\/01\/JY2-300x199.jpg 300w\" sizes=\"auto, (max-width: 704px) 100vw, 704px\" \/><\/figure>\n<\/div>\n<\/div>\n\n\n\n<div class=\"wp-block-columns is-layout-flex wp-container-core-columns-is-layout-cbe57604 wp-block-columns-is-layout-flex\">\n<div class=\"wp-block-column is-vertically-aligned-center is-layout-flow wp-block-column-is-layout-flow\" style=\"padding-top:var(--wp--preset--spacing--30);padding-bottom:var(--wp--preset--spacing--30);flex-basis:55%\">\n<figure class=\"wp-block-image size-full has-custom-border\"><img loading=\"lazy\" decoding=\"async\" width=\"764\" height=\"688\" src=\"http:\/\/institut.bahaiqc.org\/fr\/wp-content\/uploads\/sites\/2\/2024\/01\/WhatsApp-Image-2023-12-20-at-16.39.16-4-1.jpeg\" alt=\"\" class=\"wp-image-236\" style=\"border-radius:15px;object-fit:cover\" srcset=\"https:\/\/institut.bahaiqc.org\/fr\/wp-content\/uploads\/sites\/2\/2024\/01\/WhatsApp-Image-2023-12-20-at-16.39.16-4-1.jpeg 764w, https:\/\/institut.bahaiqc.org\/fr\/wp-content\/uploads\/sites\/2\/2024\/01\/WhatsApp-Image-2023-12-20-at-16.39.16-4-1-300x270.jpeg 300w\" sizes=\"auto, (max-width: 764px) 100vw, 764px\" \/><\/figure>\n<\/div>\n\n\n\n<div class=\"wp-block-column is-vertically-aligned-center is-layout-flow wp-block-column-is-layout-flow\">\n<h2 class=\"wp-block-heading\">En pratique<\/h2>\n\n\n\n<p>Des groupes de pr\u00e9jeunes peuvent se tenir de fa\u00e7on r\u00e9guli\u00e8re dans divers lieux de rencontre, comme une r\u00e9sidence priv\u00e9e, un centre communautaire ou un parc. Certains groupes peuvent \u00e9galement choisir de passer plusieurs jours ensemble pour \u00e9tudier de mani\u00e8re intensive dans le cadre d\u2019un camp de jour ou un camp avec h\u00e9bergement. L\u2019\u00e9tude peut \u00eatre compl\u00e9ment\u00e9e par des activit\u00e9s artistiques, sportives ou r\u00e9cr\u00e9atives, et est toujours accompagn\u00e9e d\u2019une composante de service \u00e0 la communaut\u00e9.<\/p>\n<\/div>\n<\/div>\n\n\n\n<h2 class=\"wp-block-heading has-text-align-left\">T\u00e9moignages de pr\u00e9jeunes qui participent au programme<\/h2>\n\n\n\n<blockquote class=\"wp-block-quote is-layout-flow wp-block-quote-is-layout-flow\">\n<p>\u00ab Dans le groupe de pr\u00e9jeunes, je me sens chez moi. \u00bb<\/p>\n<\/blockquote>\n\n\n\n<p><\/p>\n\n\n\n<blockquote class=\"wp-block-quote is-layout-flow wp-block-quote-is-layout-flow\">\n<p>\u00ab Dans le groupe, on n\u2019a aucun ennemi, on est tous amis. \u00bb<\/p>\n<\/blockquote>\n\n\n\n<p><\/p>\n\n\n\n<blockquote class=\"wp-block-quote is-layout-flow wp-block-quote-is-layout-flow\">\n<p>\u00ab On a des cahiers sur des choses productives comme aider les autres, s&#8217;encourager. \u00bb<\/p>\n<\/blockquote>\n\n\n\n<p><\/p>\n\n\n\n<blockquote class=\"wp-block-quote is-layout-flow wp-block-quote-is-layout-flow\">\n<p>\u00ab Ici, on montre une affectueuse bont\u00e9 \u00e0 tous ceux qui croisent notre chemin. \u00bb<\/p>\n<\/blockquote>\n\n\n\n<h2 class=\"wp-block-heading has-text-align-center\" style=\"margin-top:var(--wp--preset--spacing--40);margin-bottom:var(--wp--preset--spacing--30)\">Galerie<\/h2>\n\n\n\n<div class=\"wp-block-columns are-vertically-aligned-center no-gap is-layout-flex wp-container-core-columns-is-layout-28f84493 wp-block-columns-is-layout-flex\">\n<div class=\"wp-block-column is-vertically-aligned-center hidden-mobile is-layout-flow wp-block-column-is-layout-flow\">\n<figure class=\"wp-block-image size-large\"><img loading=\"lazy\" decoding=\"async\" width=\"653\" height=\"1024\" src=\"http:\/\/institut.bahaiqc.org\/fr\/wp-content\/uploads\/sites\/2\/2024\/01\/bg1-min-1-1-653x1024.png\" alt=\"\" class=\"wp-image-147\" srcset=\"https:\/\/institut.bahaiqc.org\/fr\/wp-content\/uploads\/sites\/2\/2024\/01\/bg1-min-1-1-653x1024.png 653w, https:\/\/institut.bahaiqc.org\/fr\/wp-content\/uploads\/sites\/2\/2024\/01\/bg1-min-1-1-191x300.png 191w, https:\/\/institut.bahaiqc.org\/fr\/wp-content\/uploads\/sites\/2\/2024\/01\/bg1-min-1-1-768x1205.png 768w, https:\/\/institut.bahaiqc.org\/fr\/wp-content\/uploads\/sites\/2\/2024\/01\/bg1-min-1-1-979x1536.png 979w, https:\/\/institut.bahaiqc.org\/fr\/wp-content\/uploads\/sites\/2\/2024\/01\/bg1-min-1-1.png 1000w\" sizes=\"auto, (max-width: 653px) 100vw, 653px\" \/><\/figure>\n<\/div>\n\n\n\n<div class=\"wp-block-column is-vertically-aligned-center is-layout-flow wp-block-column-is-layout-flow\" style=\"flex-basis:600px\"><div\n    \tclass=\"free align wp-block-csb-content-slider-block\"    id='csbContentSlider-1' \n    data-attributes='{&quot;slides&quot;:[{&quot;background&quot;:{&quot;color&quot;:&quot;#00000080&quot;,&quot;type&quot;:&quot;image&quot;,&quot;image&quot;:{&quot;id&quot;:null,&quot;url&quot;:&quot;http:\\\/\\\/institut.bahaiqc.org\\\/fr\\\/wp-content\\\/uploads\\\/sites\\\/2\\\/2024\\\/01\\\/WhatsApp-Image-2023-12-20-at-00.42.02.jpeg&quot;,&quot;alt&quot;:&quot;&quot;,&quot;title&quot;:&quot;&quot;},&quot;size&quot;:&quot;cover&quot;,&quot;overlayColor&quot;:&quot;rgba(0, 0, 0, 0)&quot;,&quot;position&quot;:&quot;center center&quot;,&quot;attachment&quot;:&quot;initial&quot;,&quot;repeat&quot;:&quot;no-repeat&quot;},&quot;border&quot;:[],&quot;position&quot;:&quot;center center&quot;,&quot;positionHolder&quot;:&quot;center center&quot;,&quot;childPositions&quot;:[{&quot;top&quot;:11,&quot;left&quot;:5.8},{&quot;top&quot;:22,&quot;left&quot;:5.8},{&quot;top&quot;:33,&quot;left&quot;:5.8}],&quot;title&quot;:&quot;Slide Title 1&quot;,&quot;titleColor&quot;:&quot;#fff&quot;,&quot;description&quot;:&quot;This content area describes slider 1 descriptions\\\/details.&quot;,&quot;descColor&quot;:&quot;#fff&quot;,&quot;btnText&quot;:&quot;Button 1&quot;,&quot;btnLink&quot;:&quot;#&quot;,&quot;btnColors&quot;:{&quot;color&quot;:&quot;#fff&quot;,&quot;bg&quot;:&quot;#4527a4&quot;},&quot;btnHovColors&quot;:{&quot;color&quot;:&quot;#fff&quot;,&quot;bg&quot;:&quot;#8344c5&quot;}},{&quot;background&quot;:{&quot;color&quot;:&quot;#00000080&quot;,&quot;type&quot;:&quot;image&quot;,&quot;image&quot;:{&quot;id&quot;:null,&quot;url&quot;:&quot;http:\\\/\\\/institut.bahaiqc.org\\\/fr\\\/wp-content\\\/uploads\\\/sites\\\/2\\\/2024\\\/01\\\/WhatsApp-Image-2023-12-20-at-00.39.18.jpeg&quot;,&quot;alt&quot;:&quot;&quot;,&quot;title&quot;:&quot;&quot;},&quot;overlayColor&quot;:&quot;rgba(0, 0, 0, 0)&quot;,&quot;position&quot;:&quot;center center&quot;,&quot;attachment&quot;:&quot;initial&quot;,&quot;repeat&quot;:&quot;no-repeat&quot;,&quot;size&quot;:&quot;cover&quot;},&quot;border&quot;:[],&quot;position&quot;:&quot;center center&quot;,&quot;positionHolder&quot;:&quot;center center&quot;,&quot;childPositions&quot;:[{&quot;top&quot;:11,&quot;left&quot;:5.8},{&quot;top&quot;:22,&quot;left&quot;:5.8},{&quot;top&quot;:33,&quot;left&quot;:5.8}],&quot;title&quot;:&quot;Slide Title 2&quot;,&quot;titleColor&quot;:&quot;#fff&quot;,&quot;description&quot;:&quot;This content area describes slider 2 descriptions\\\/details.&quot;,&quot;descColor&quot;:&quot;#fff&quot;,&quot;btnText&quot;:&quot;Button 2&quot;,&quot;btnLink&quot;:&quot;#&quot;,&quot;btnColors&quot;:{&quot;color&quot;:&quot;#fff&quot;,&quot;bg&quot;:&quot;#4527a4&quot;},&quot;btnHovColors&quot;:{&quot;color&quot;:&quot;#fff&quot;,&quot;bg&quot;:&quot;#8344c5&quot;}},{&quot;background&quot;:{&quot;color&quot;:&quot;#00000080&quot;,&quot;type&quot;:&quot;image&quot;,&quot;image&quot;:{&quot;id&quot;:null,&quot;url&quot;:&quot;http:\\\/\\\/institut.bahaiqc.org\\\/fr\\\/wp-content\\\/uploads\\\/sites\\\/2\\\/2024\\\/01\\\/Camp-de-prejeunes-en-Outaouais--scaled.jpg&quot;,&quot;alt&quot;:&quot;&quot;,&quot;title&quot;:&quot;&quot;},&quot;overlayColor&quot;:&quot;rgba(0, 0, 0, 0)&quot;,&quot;position&quot;:&quot;center center&quot;,&quot;attachment&quot;:&quot;initial&quot;,&quot;repeat&quot;:&quot;no-repeat&quot;,&quot;size&quot;:&quot;cover&quot;},&quot;border&quot;:[],&quot;position&quot;:&quot;center center&quot;,&quot;positionHolder&quot;:&quot;center center&quot;,&quot;childPositions&quot;:[{&quot;top&quot;:11,&quot;left&quot;:5.8},{&quot;top&quot;:22,&quot;left&quot;:5.8},{&quot;top&quot;:33,&quot;left&quot;:5.8}],&quot;title&quot;:&quot;Slide Title 3&quot;,&quot;titleColor&quot;:&quot;#fff&quot;,&quot;description&quot;:&quot;This content area describes slider 3 descriptions\\\/details.&quot;,&quot;descColor&quot;:&quot;#fff&quot;,&quot;btnText&quot;:&quot;Button 3&quot;,&quot;btnLink&quot;:&quot;#&quot;,&quot;btnColors&quot;:{&quot;color&quot;:&quot;#fff&quot;,&quot;bg&quot;:&quot;#4527a4&quot;},&quot;btnHovColors&quot;:{&quot;color&quot;:&quot;#fff&quot;,&quot;bg&quot;:&quot;#8344c5&quot;}}],&quot;sliderHeight&quot;:&quot;600px&quot;,&quot;isTouchMove&quot;:false,&quot;speed&quot;:4,&quot;isPageDynamic&quot;:false,&quot;pageBorder&quot;:{&quot;radius&quot;:&quot;50%&quot;,&quot;width&quot;:&quot;0px&quot;,&quot;style&quot;:&quot;solid&quot;,&quot;color&quot;:&quot;rgba(255, 183, 0, 0.57)&quot;,&quot;side&quot;:&quot;all&quot;,&quot;styles&quot;:&quot;border-radius: 50%;&quot;},&quot;isTitle&quot;:false,&quot;titleTypo&quot;:{&quot;fontSize&quot;:25,&quot;styles&quot;:&quot;font-size: 25px; line-height: 135%;&quot;,&quot;googleFontLink&quot;:&quot;&quot;},&quot;isDesc&quot;:false,&quot;descTypo&quot;:{&quot;fontSize&quot;:15,&quot;styles&quot;:&quot;font-size: 15px; line-height: 135%;&quot;,&quot;googleFontLink&quot;:&quot;&quot;},&quot;isBtn&quot;:false,&quot;btnTypo&quot;:{&quot;fontSize&quot;:16,&quot;styles&quot;:&quot;font-size: 16px; line-height: 135%;&quot;,&quot;googleFontLink&quot;:&quot;&quot;},&quot;btnPadding&quot;:{&quot;vertical&quot;:&quot;12px&quot;,&quot;horizontal&quot;:&quot;35px&quot;,&quot;side&quot;:2,&quot;top&quot;:&quot;0px&quot;,&quot;right&quot;:&quot;0px&quot;,&quot;bottom&quot;:&quot;0px&quot;,&quot;left&quot;:&quot;0px&quot;,&quot;styles&quot;:&quot;12px 35px&quot;},&quot;btnBorder&quot;:{&quot;radius&quot;:&quot;3px&quot;,&quot;width&quot;:&quot;0px&quot;,&quot;style&quot;:&quot;solid&quot;,&quot;color&quot;:&quot;#0000&quot;,&quot;side&quot;:&quot;all&quot;,&quot;styles&quot;:&quot;border-radius: 3px;&quot;},&quot;align&quot;:&quot;&quot;,&quot;columns&quot;:{&quot;desktop&quot;:1,&quot;tablet&quot;:1,&quot;mobile&quot;:1},&quot;columnGap&quot;:15,&quot;sliderWidth&quot;:&quot;100%&quot;,&quot;sliderAlign&quot;:&quot;center&quot;,&quot;isLoop&quot;:true,&quot;isAutoplay&quot;:true,&quot;autoplayOptions&quot;:{&quot;delay&quot;:1.5,&quot;disableOnInteraction&quot;:false,&quot;reverseDirection&quot;:false,&quot;pauseOnMouseEnter&quot;:false,&quot;stopOnLastSlide&quot;:false},&quot;freeModeOptions&quot;:{&quot;enabled&quot;:false,&quot;sticky&quot;:false},&quot;effect&quot;:&quot;slide&quot;,&quot;keyboardOptions&quot;:{&quot;enabled&quot;:false},&quot;isMousewheel&quot;:false,&quot;isPage&quot;:true,&quot;pageOnDevice&quot;:{&quot;tablet&quot;:true,&quot;mobile&quot;:true},&quot;isPageClickable&quot;:true,&quot;isPrevNext&quot;:true,&quot;prevNextOnDevice&quot;:{&quot;tablet&quot;:true,&quot;mobile&quot;:true},&quot;sliderBG&quot;:{&quot;color&quot;:&quot;#0000&quot;},&quot;sliderPadding&quot;:{&quot;vertical&quot;:&quot;0px&quot;,&quot;horizontal&quot;:&quot;0px&quot;},&quot;pageColor&quot;:&quot;#fff&quot;,&quot;pageWidth&quot;:&quot;15px&quot;,&quot;pageHeight&quot;:&quot;15px&quot;,&quot;prevNextColor&quot;:&quot;#fff&quot;,&quot;descColor&quot;:&quot;&quot;,&quot;linkTarget&quot;:&quot;_blank&quot;}'\n><\/div><\/div>\n\n\n\n<div class=\"wp-block-column is-vertically-aligned-center hidden-mobile is-layout-flow wp-block-column-is-layout-flow\">\n<figure class=\"wp-block-image size-large\"><img loading=\"lazy\" decoding=\"async\" width=\"653\" height=\"1024\" src=\"http:\/\/institut.bahaiqc.org\/fr\/wp-content\/uploads\/sites\/2\/2024\/01\/bg2-min-1-1-653x1024.png\" alt=\"\" class=\"wp-image-146\" srcset=\"https:\/\/institut.bahaiqc.org\/fr\/wp-content\/uploads\/sites\/2\/2024\/01\/bg2-min-1-1-653x1024.png 653w, https:\/\/institut.bahaiqc.org\/fr\/wp-content\/uploads\/sites\/2\/2024\/01\/bg2-min-1-1-191x300.png 191w, https:\/\/institut.bahaiqc.org\/fr\/wp-content\/uploads\/sites\/2\/2024\/01\/bg2-min-1-1-768x1204.png 768w, https:\/\/institut.bahaiqc.org\/fr\/wp-content\/uploads\/sites\/2\/2024\/01\/bg2-min-1-1-980x1536.png 980w, https:\/\/institut.bahaiqc.org\/fr\/wp-content\/uploads\/sites\/2\/2024\/01\/bg2-min-1-1.png 1000w\" sizes=\"auto, (max-width: 653px) 100vw, 653px\" \/><\/figure>\n<\/div>\n<\/div>\n","protected":false},"excerpt":{"rendered":"<p>Une p\u00e9riode sp\u00e9ciale Les pr\u00e9jeunes entre 11 et 15 ans vivent une p\u00e9riode cruciale de leur vie. Ils ne sont plus des enfants, mais n\u2019ont pas encore atteint la pl\u00e9nitude de la jeunesse. \u00c0 cet \u00e2ge, de nombreuses facult\u00e9s sont d\u00e9velopp\u00e9es, incluant un sens aigu de la justice et la capacit\u00e9 d\u2019analyser ce qui se [&hellip;]<\/p>\n","protected":false},"author":1,"featured_media":0,"parent":0,"menu_order":0,"comment_status":"closed","ping_status":"closed","template":"","meta":{"footnotes":""},"class_list":["post-166","page","type-page","status-publish","hentry"],"_links":{"self":[{"href":"https:\/\/institut.bahaiqc.org\/fr\/wp-json\/wp\/v2\/pages\/166","targetHints":{"allow":["GET"]}}],"collection":[{"href":"https:\/\/institut.bahaiqc.org\/fr\/wp-json\/wp\/v2\/pages"}],"about":[{"href":"https:\/\/institut.bahaiqc.org\/fr\/wp-json\/wp\/v2\/types\/page"}],"author":[{"embeddable":true,"href":"https:\/\/institut.bahaiqc.org\/fr\/wp-json\/wp\/v2\/users\/1"}],"replies":[{"embeddable":true,"href":"https:\/\/institut.bahaiqc.org\/fr\/wp-json\/wp\/v2\/comments?post=166"}],"version-history":[{"count":89,"href":"https:\/\/institut.bahaiqc.org\/fr\/wp-json\/wp\/v2\/pages\/166\/revisions"}],"predecessor-version":[{"id":391,"href":"https:\/\/institut.bahaiqc.org\/fr\/wp-json\/wp\/v2\/pages\/166\/revisions\/391"}],"wp:attachment":[{"href":"https:\/\/institut.bahaiqc.org\/fr\/wp-json\/wp\/v2\/media?parent=166"}],"curies":[{"name":"wp","href":"https:\/\/api.w.org\/{rel}","templated":true}]}}